{"id":83,"date":"2024-05-24T10:30:28","date_gmt":"2024-05-24T07:30:28","guid":{"rendered":"https:\/\/www.automaatiokoti.fi\/?page_id=83"},"modified":"2025-08-18T14:36:26","modified_gmt":"2025-08-18T11:36:26","slug":"johdotettu","status":"publish","type":"page","link":"https:\/\/www.automaatiokoti.fi\/?page_id=83","title":{"rendered":"Johdotettu"},"content":{"rendered":"\t\t<div data-elementor-type=\"wp-page\" data-elementor-id=\"83\" class=\"elementor elementor-83\" data-elementor-post-type=\"page\">\n\t\t\t\t<div class=\"elementor-element elementor-element-4dddc63 e-flex e-con-boxed e-con e-parent\" data-id=\"4dddc63\" data-element_type=\"container\" data-e-type=\"container\" data-settings=\"{&quot;background_background&quot;:&quot;classic&quot;}\">\n\t\t\t\t\t<div class=\"e-con-inner\">\n\t\t\t\t<div class=\"elementor-element elementor-element-40cd2f6 elementor-widget elementor-widget-spacer\" data-id=\"40cd2f6\" data-element_type=\"widget\" data-e-type=\"widget\" data-widget_type=\"spacer.default\">\n\t\t\t\t<div class=\"elementor-widget-container\">\n\t\t\t\t\t\t\t<div class=\"elementor-spacer\">\n\t\t\t<div class=\"elementor-spacer-inner\"><\/div>\n\t\t<\/div>\n\t\t\t\t\t\t<\/div>\n\t\t\t\t<\/div>\n\t\t\t\t\t<\/div>\n\t\t\t\t<\/div>\n\t\t<div class=\"elementor-element elementor-element-8f8261b e-flex e-con-boxed e-con e-parent\" data-id=\"8f8261b\" data-element_type=\"container\" data-e-type=\"container\">\n\t\t\t\t\t<div class=\"e-con-inner\">\n\t\t\t\t<div class=\"elementor-element elementor-element-659c369 elementor-widget elementor-widget-spacer\" data-id=\"659c369\" data-element_type=\"widget\" data-e-type=\"widget\" data-widget_type=\"spacer.default\">\n\t\t\t\t<div class=\"elementor-widget-container\">\n\t\t\t\t\t\t\t<div class=\"elementor-spacer\">\n\t\t\t<div class=\"elementor-spacer-inner\"><\/div>\n\t\t<\/div>\n\t\t\t\t\t\t<\/div>\n\t\t\t\t<\/div>\n\t\t\t\t<div class=\"elementor-element elementor-element-e636b33 elementor-widget elementor-widget-heading\" data-id=\"e636b33\" data-element_type=\"widget\" data-e-type=\"widget\" data-widget_type=\"heading.default\">\n\t\t\t\t<div class=\"elementor-widget-container\">\n\t\t\t\t\t<h2 class=\"elementor-heading-title elementor-size-default\">Langallinen j\u00e4rjestelm\u00e4<\/h2>\t\t\t\t<\/div>\n\t\t\t\t<\/div>\n\t\t\t\t<div class=\"elementor-element elementor-element-da3d5d3 elementor-widget-divider--view-line elementor-widget elementor-widget-divider\" data-id=\"da3d5d3\" data-element_type=\"widget\" data-e-type=\"widget\" data-widget_type=\"divider.default\">\n\t\t\t\t<div class=\"elementor-widget-container\">\n\t\t\t\t\t\t\t<div class=\"elementor-divider\">\n\t\t\t<span class=\"elementor-divider-separator\">\n\t\t\t\t\t\t<\/span>\n\t\t<\/div>\n\t\t\t\t\t\t<\/div>\n\t\t\t\t<\/div>\n\t\t\t\t<div class=\"elementor-element elementor-element-b420cbb elementor-widget elementor-widget-text-editor\" data-id=\"b420cbb\" data-element_type=\"widget\" data-e-type=\"widget\" data-widget_type=\"text-editor.default\">\n\t\t\t\t<div class=\"elementor-widget-container\">\n\t\t\t\t\t\t\t\t\t<p>Langallinen j\u00e4rjestelm\u00e4 koostuu laitteista, jotka ohjaavat valoja ja laitteita p\u00e4\u00e4lle ja pois. Lis\u00e4ksi j\u00e4rjestelm\u00e4ss\u00e4 pit\u00e4\u00e4 olla \u00e4ly, johon ohjelmoidaan toiminnot. K\u00e4yt\u00e4mme \u00e4lyn\u00e4 Home Assistantia. Home Assistant on ilmainen ohjelmisto ja sen voi asentaa monelle eri alustalle. Teemme asiakkaan puolesta ohjelmoinnin, niin halutessa. Home assistanttiin m\u00e4\u00e4ritell\u00e4\u00e4n mit\u00e4 tapahtuu, kun painetaan painiketta. Esimerkiksi. olohuoneen painikkeesta painamalla syttyy olohuoneen kaikki valot tai yksi valo.<\/p><p>Pieniin j\u00e4rjestelmiin voidaan k\u00e4ytt\u00e4\u00e4 Shellyn valmistamia j\u00e4rjestelmi\u00e4 ja ohjelmointi tehd\u00e4\u00e4n suoraan \u00e4lyreleeseen.<\/p>\t\t\t\t\t\t\t\t<\/div>\n\t\t\t\t<\/div>\n\t\t\t\t<div class=\"elementor-element elementor-element-5732e21 elementor-widget elementor-widget-spacer\" data-id=\"5732e21\" data-element_type=\"widget\" data-e-type=\"widget\" data-widget_type=\"spacer.default\">\n\t\t\t\t<div class=\"elementor-widget-container\">\n\t\t\t\t\t\t\t<div class=\"elementor-spacer\">\n\t\t\t<div class=\"elementor-spacer-inner\"><\/div>\n\t\t<\/div>\n\t\t\t\t\t\t<\/div>\n\t\t\t\t<\/div>\n\t\t\t\t<div class=\"elementor-element elementor-element-6b30d0e elementor-widget elementor-widget-heading\" data-id=\"6b30d0e\" data-element_type=\"widget\" data-e-type=\"widget\" data-widget_type=\"heading.default\">\n\t\t\t\t<div class=\"elementor-widget-container\">\n\t\t\t\t\t<h2 class=\"elementor-heading-title elementor-size-default\">Shelly<\/h2>\t\t\t\t<\/div>\n\t\t\t\t<\/div>\n\t\t\t\t<div class=\"elementor-element elementor-element-cdd4118 elementor-widget-divider--view-line elementor-widget elementor-widget-divider\" data-id=\"cdd4118\" data-element_type=\"widget\" data-e-type=\"widget\" data-widget_type=\"divider.default\">\n\t\t\t\t<div class=\"elementor-widget-container\">\n\t\t\t\t\t\t\t<div class=\"elementor-divider\">\n\t\t\t<span class=\"elementor-divider-separator\">\n\t\t\t\t\t\t<\/span>\n\t\t<\/div>\n\t\t\t\t\t\t<\/div>\n\t\t\t\t<\/div>\n\t\t\t\t<div class=\"elementor-element elementor-element-4a05043 elementor-widget elementor-widget-text-editor\" data-id=\"4a05043\" data-element_type=\"widget\" data-e-type=\"widget\" data-widget_type=\"text-editor.default\">\n\t\t\t\t<div class=\"elementor-widget-container\">\n\t\t\t\t\t\t\t\t\t<p>Shelly on valmistaja, joka tekee ratkaisuja talojen ja kiinteist\u00f6jen automatisointiin. Shellyll\u00e4 on tuotteita, joilla johdotettu j\u00e4rjestelm\u00e4 on mahdollista toteuttaa.\u00a0<\/p>\t\t\t\t\t\t\t\t<\/div>\n\t\t\t\t<\/div>\n\t\t\t\t<div class=\"elementor-element elementor-element-fe58180 elementor-widget elementor-widget-spacer\" data-id=\"fe58180\" data-element_type=\"widget\" data-e-type=\"widget\" data-widget_type=\"spacer.default\">\n\t\t\t\t<div class=\"elementor-widget-container\">\n\t\t\t\t\t\t\t<div class=\"elementor-spacer\">\n\t\t\t<div class=\"elementor-spacer-inner\"><\/div>\n\t\t<\/div>\n\t\t\t\t\t\t<\/div>\n\t\t\t\t<\/div>\n\t\t\t\t\t<\/div>\n\t\t\t\t<\/div>\n\t\t<div class=\"elementor-element elementor-element-29e2cd2 e-flex e-con-boxed e-con e-parent\" data-id=\"29e2cd2\" data-element_type=\"container\" data-e-type=\"container\">\n\t\t\t\t\t<div class=\"e-con-inner\">\n\t\t\t\t<div class=\"elementor-element elementor-element-dc627b7 elementor-widget elementor-widget-heading\" data-id=\"dc627b7\" data-element_type=\"widget\" data-e-type=\"widget\" data-widget_type=\"heading.default\">\n\t\t\t\t<div class=\"elementor-widget-container\">\n\t\t\t\t\t<h2 class=\"elementor-heading-title elementor-size-default\">Ohjaus \u00e4lylaitteella<\/h2>\t\t\t\t<\/div>\n\t\t\t\t<\/div>\n\t\t\t\t<div class=\"elementor-element elementor-element-d03e232 elementor-widget-divider--view-line elementor-widget elementor-widget-divider\" data-id=\"d03e232\" data-element_type=\"widget\" data-e-type=\"widget\" data-widget_type=\"divider.default\">\n\t\t\t\t<div class=\"elementor-widget-container\">\n\t\t\t\t\t\t\t<div class=\"elementor-divider\">\n\t\t\t<span class=\"elementor-divider-separator\">\n\t\t\t\t\t\t<\/span>\n\t\t<\/div>\n\t\t\t\t\t\t<\/div>\n\t\t\t\t<\/div>\n\t\t\t\t<div class=\"elementor-element elementor-element-d2c71bd elementor-widget elementor-widget-text-editor\" data-id=\"d2c71bd\" data-element_type=\"widget\" data-e-type=\"widget\" data-widget_type=\"text-editor.default\">\n\t\t\t\t<div class=\"elementor-widget-container\">\n\t\t\t\t\t\t\t\t\t<p>\u00c4lylaitteella voidaan ohjata esim. valaistusta. Shellyll\u00e4 on oma j\u00e4rjestelm\u00e4 \u00e4lylaitteelle laitteissaan. Esimerkiksi puhelimella voidaan ohjata valaistusta. Home Assistantissa on my\u00f6s \u00e4lylaiteohjaus l\u00e4hiverkossa. Et\u00e4ohjaus vaatii maksullisen lis\u00e4osa.<\/p>\t\t\t\t\t\t\t\t<\/div>\n\t\t\t\t<\/div>\n\t\t\t\t<div class=\"elementor-element elementor-element-4548729 elementor-widget elementor-widget-spacer\" data-id=\"4548729\" data-element_type=\"widget\" data-e-type=\"widget\" data-widget_type=\"spacer.default\">\n\t\t\t\t<div class=\"elementor-widget-container\">\n\t\t\t\t\t\t\t<div class=\"elementor-spacer\">\n\t\t\t<div class=\"elementor-spacer-inner\"><\/div>\n\t\t<\/div>\n\t\t\t\t\t\t<\/div>\n\t\t\t\t<\/div>\n\t\t\t\t\t<\/div>\n\t\t\t\t<\/div>\n\t\t\t\t<\/div>\n\t\t","protected":false},"excerpt":{"rendered":"<p>Langallinen j\u00e4rjestelm\u00e4 Langallinen j\u00e4rjestelm\u00e4 koostuu laitteista, jotka ohjaavat valoja ja laitteita p\u00e4\u00e4lle ja pois. Lis\u00e4ksi j\u00e4rjestelm\u00e4ss\u00e4 pit\u00e4\u00e4 olla \u00e4ly, johon ohjelmoidaan toiminnot. K\u00e4yt\u00e4mme \u00e4lyn\u00e4 Home Assistantia. Home Assistant on ilmainen ohjelmisto ja sen voi asentaa monelle eri alustalle. Teemme asiakkaan puolesta ohjelmoinnin, niin halutessa. Home assistanttiin m\u00e4\u00e4ritell\u00e4\u00e4n mit\u00e4 tapahtuu, kun painetaan painiketta. Esimerkiksi. olohuoneen painikkeesta [&hellip;]<\/p>\n","protected":false},"author":2,"featured_media":0,"parent":0,"menu_order":0,"comment_status":"closed","ping_status":"closed","template":"","meta":{"footnotes":""},"class_list":["post-83","page","type-page","status-publish","hentry"],"_links":{"self":[{"href":"https:\/\/www.automaatiokoti.fi\/index.php?rest_route=\/wp\/v2\/pages\/83","targetHints":{"allow":["GET"]}}],"collection":[{"href":"https:\/\/www.automaatiokoti.fi\/index.php?rest_route=\/wp\/v2\/pages"}],"about":[{"href":"https:\/\/www.automaatiokoti.fi\/index.php?rest_route=\/wp\/v2\/types\/page"}],"author":[{"embeddable":true,"href":"https:\/\/www.automaatiokoti.fi\/index.php?rest_route=\/wp\/v2\/users\/2"}],"replies":[{"embeddable":true,"href":"https:\/\/www.automaatiokoti.fi\/index.php?rest_route=%2Fwp%2Fv2%2Fcomments&post=83"}],"version-history":[{"count":19,"href":"https:\/\/www.automaatiokoti.fi\/index.php?rest_route=\/wp\/v2\/pages\/83\/revisions"}],"predecessor-version":[{"id":207,"href":"https:\/\/www.automaatiokoti.fi\/index.php?rest_route=\/wp\/v2\/pages\/83\/revisions\/207"}],"wp:attachment":[{"href":"https:\/\/www.automaatiokoti.fi\/index.php?rest_route=%2Fwp%2Fv2%2Fmedia&parent=83"}],"curies":[{"name":"wp","href":"https:\/\/api.w.org\/{rel}","templated":true}]}}