{"id":18,"date":"2024-05-23T13:30:42","date_gmt":"2024-05-23T10:30:42","guid":{"rendered":"https:\/\/www.automaatiokoti.fi\/?page_id=18"},"modified":"2025-08-18T14:14:54","modified_gmt":"2025-08-18T11:14:54","slug":"palvelut","status":"publish","type":"page","link":"https:\/\/www.automaatiokoti.fi\/?page_id=18","title":{"rendered":"Palvelut"},"content":{"rendered":"\t\t<div data-elementor-type=\"wp-page\" data-elementor-id=\"18\" class=\"elementor elementor-18\" data-elementor-post-type=\"page\">\n\t\t\t\t<div class=\"elementor-element elementor-element-5762bb0 e-con-full e-flex e-con e-parent\" data-id=\"5762bb0\" data-element_type=\"container\" data-e-type=\"container\" data-settings=\"{&quot;background_background&quot;:&quot;classic&quot;,&quot;shape_divider_bottom&quot;:&quot;pyramids&quot;}\">\n\t\t\t\t<div class=\"elementor-shape elementor-shape-bottom\" aria-hidden=\"true\" data-negative=\"false\">\n\t\t\t<svg xmlns=\"http:\/\/www.w3.org\/2000\/svg\" viewBox=\"0 0 1000 100\" preserveAspectRatio=\"none\">\n\t<path class=\"elementor-shape-fill\" d=\"M761.9,44.1L643.1,27.2L333.8,98L0,3.8V0l1000,0v3.9\"\/>\n<\/svg>\t\t<\/div>\n\t\t\t\t<div class=\"elementor-element elementor-element-3cdf458 elementor-widget elementor-widget-image\" data-id=\"3cdf458\" data-element_type=\"widget\" data-e-type=\"widget\" data-widget_type=\"image.default\">\n\t\t\t\t<div class=\"elementor-widget-container\">\n\t\t\t\t\t\t\t\t\t\t\t\t\t\t\t<img fetchpriority=\"high\" decoding=\"async\" width=\"800\" height=\"251\" src=\"https:\/\/www.automaatiokoti.fi\/wp-content\/uploads\/2024\/05\/Automaatiokoti-teksti5-1024x321.png\" class=\"attachment-large size-large wp-image-37\" alt=\"\" srcset=\"https:\/\/www.automaatiokoti.fi\/wp-content\/uploads\/2024\/05\/Automaatiokoti-teksti5-1024x321.png 1024w, https:\/\/www.automaatiokoti.fi\/wp-content\/uploads\/2024\/05\/Automaatiokoti-teksti5-300x94.png 300w, https:\/\/www.automaatiokoti.fi\/wp-content\/uploads\/2024\/05\/Automaatiokoti-teksti5-768x241.png 768w, https:\/\/www.automaatiokoti.fi\/wp-content\/uploads\/2024\/05\/Automaatiokoti-teksti5-1536x481.png 1536w, https:\/\/www.automaatiokoti.fi\/wp-content\/uploads\/2024\/05\/Automaatiokoti-teksti5-2048x642.png 2048w\" sizes=\"(max-width: 800px) 100vw, 800px\" \/>\t\t\t\t\t\t\t\t\t\t\t\t\t\t\t<\/div>\n\t\t\t\t<\/div>\n\t\t\t\t<\/div>\n\t\t<div class=\"elementor-element elementor-element-792e30d e-flex e-con-boxed e-con e-parent\" data-id=\"792e30d\" data-element_type=\"container\" data-e-type=\"container\">\n\t\t\t\t\t<div class=\"e-con-inner\">\n\t\t\t\t<div class=\"elementor-element elementor-element-493a9d6 elementor-widget elementor-widget-spacer\" data-id=\"493a9d6\" data-element_type=\"widget\" data-e-type=\"widget\" data-widget_type=\"spacer.default\">\n\t\t\t\t<div class=\"elementor-widget-container\">\n\t\t\t\t\t\t\t<div class=\"elementor-spacer\">\n\t\t\t<div class=\"elementor-spacer-inner\"><\/div>\n\t\t<\/div>\n\t\t\t\t\t\t<\/div>\n\t\t\t\t<\/div>\n\t\t\t\t<div class=\"elementor-element elementor-element-1299d32 elementor-widget elementor-widget-heading\" data-id=\"1299d32\" data-element_type=\"widget\" data-e-type=\"widget\" data-widget_type=\"heading.default\">\n\t\t\t\t<div class=\"elementor-widget-container\">\n\t\t\t\t\t<h2 class=\"elementor-heading-title elementor-size-default\">Palvelut<\/h2>\t\t\t\t<\/div>\n\t\t\t\t<\/div>\n\t\t\t\t<div class=\"elementor-element elementor-element-53fc209 elementor-widget elementor-widget-spacer\" data-id=\"53fc209\" data-element_type=\"widget\" data-e-type=\"widget\" data-widget_type=\"spacer.default\">\n\t\t\t\t<div class=\"elementor-widget-container\">\n\t\t\t\t\t\t\t<div class=\"elementor-spacer\">\n\t\t\t<div class=\"elementor-spacer-inner\"><\/div>\n\t\t<\/div>\n\t\t\t\t\t\t<\/div>\n\t\t\t\t<\/div>\n\t\t\t\t\t<\/div>\n\t\t\t\t<\/div>\n\t\t<div class=\"elementor-element elementor-element-fae8990 e-flex e-con-boxed e-con e-parent\" data-id=\"fae8990\" data-element_type=\"container\" data-e-type=\"container\" data-settings=\"{&quot;background_background&quot;:&quot;classic&quot;,&quot;shape_divider_top&quot;:&quot;pyramids&quot;,&quot;shape_divider_bottom&quot;:&quot;pyramids&quot;}\">\n\t\t\t\t\t<div class=\"e-con-inner\">\n\t\t\t\t<div class=\"elementor-shape elementor-shape-top\" aria-hidden=\"true\" data-negative=\"false\">\n\t\t\t<svg xmlns=\"http:\/\/www.w3.org\/2000\/svg\" viewBox=\"0 0 1000 100\" preserveAspectRatio=\"none\">\n\t<path class=\"elementor-shape-fill\" d=\"M761.9,44.1L643.1,27.2L333.8,98L0,3.8V0l1000,0v3.9\"\/>\n<\/svg>\t\t<\/div>\n\t\t\t\t<div class=\"elementor-shape elementor-shape-bottom\" aria-hidden=\"true\" data-negative=\"false\">\n\t\t\t<svg xmlns=\"http:\/\/www.w3.org\/2000\/svg\" viewBox=\"0 0 1000 100\" preserveAspectRatio=\"none\">\n\t<path class=\"elementor-shape-fill\" d=\"M761.9,44.1L643.1,27.2L333.8,98L0,3.8V0l1000,0v3.9\"\/>\n<\/svg>\t\t<\/div>\n\t\t\t\t<div class=\"elementor-element elementor-element-9a9b1f0 elementor-widget elementor-widget-text-editor\" data-id=\"9a9b1f0\" data-element_type=\"widget\" data-e-type=\"widget\" data-widget_type=\"text-editor.default\">\n\t\t\t\t<div class=\"elementor-widget-container\">\n\t\t\t\t\t\t\t\t\t<h3><span style=\"text-decoration: underline;\"><strong>S\u00e4hk\u00f6suunnitelu<\/strong><\/span>:<\/h3><h4>Suunnittelemme kohteen ja teemme siihen s\u00e4hk\u00f6kuvat.<\/h4><p>\u00a0<\/p><h3><span style=\"text-decoration: underline;\"><strong>Automaatiosuunnittelu<\/strong><\/span>:<\/h3><h4>Teemme kohteen automaatiosuunnitelman ja tarvittavat s\u00e4hk\u00f6kuvat.<\/h4><h3>\u00a0<\/h3><h3><span style=\"text-decoration: underline;\"><strong>Asennus<\/strong><\/span>:<\/h3><h4>Teemme s\u00e4hk\u00f6- ja automaatioasennukset.<\/h4><h3>\u00a0<\/h3><h3><span style=\"text-decoration: underline;\"><strong>Ohjelmointi<\/strong><\/span>:<\/h3><h4>Teemme automaation ohjelmoinnin.<\/h4><p>\u00a0<\/p><h3><span style=\"text-decoration: underline;\"><strong>Myynti<\/strong><\/span>:<\/h3><h4>Myymme kaikki tarvittavat s\u00e4hk\u00f6asennustarvikkeet.<\/h4>\t\t\t\t\t\t\t\t<\/div>\n\t\t\t\t<\/div>\n\t\t\t\t\t<\/div>\n\t\t\t\t<\/div>\n\t\t\t\t<\/div>\n\t\t","protected":false},"excerpt":{"rendered":"<p>Palvelut S\u00e4hk\u00f6suunnitelu: Suunnittelemme kohteen ja teemme siihen s\u00e4hk\u00f6kuvat. \u00a0 Automaatiosuunnittelu: Teemme kohteen automaatiosuunnitelman ja tarvittavat s\u00e4hk\u00f6kuvat. \u00a0 Asennus: Teemme s\u00e4hk\u00f6- ja automaatioasennukset. \u00a0 Ohjelmointi: Teemme automaation ohjelmoinnin. \u00a0 Myynti: Myymme kaikki tarvittavat s\u00e4hk\u00f6asennustarvikkeet.<\/p>\n","protected":false},"author":2,"featured_media":0,"parent":0,"menu_order":0,"comment_status":"closed","ping_status":"closed","template":"","meta":{"footnotes":""},"class_list":["post-18","page","type-page","status-publish","hentry"],"_links":{"self":[{"href":"https:\/\/www.automaatiokoti.fi\/index.php?rest_route=\/wp\/v2\/pages\/18","targetHints":{"allow":["GET"]}}],"collection":[{"href":"https:\/\/www.automaatiokoti.fi\/index.php?rest_route=\/wp\/v2\/pages"}],"about":[{"href":"https:\/\/www.automaatiokoti.fi\/index.php?rest_route=\/wp\/v2\/types\/page"}],"author":[{"embeddable":true,"href":"https:\/\/www.automaatiokoti.fi\/index.php?rest_route=\/wp\/v2\/users\/2"}],"replies":[{"embeddable":true,"href":"https:\/\/www.automaatiokoti.fi\/index.php?rest_route=%2Fwp%2Fv2%2Fcomments&post=18"}],"version-history":[{"count":19,"href":"https:\/\/www.automaatiokoti.fi\/index.php?rest_route=\/wp\/v2\/pages\/18\/revisions"}],"predecessor-version":[{"id":194,"href":"https:\/\/www.automaatiokoti.fi\/index.php?rest_route=\/wp\/v2\/pages\/18\/revisions\/194"}],"wp:attachment":[{"href":"https:\/\/www.automaatiokoti.fi\/index.php?rest_route=%2Fwp%2Fv2%2Fmedia&parent=18"}],"curies":[{"name":"wp","href":"https:\/\/api.w.org\/{rel}","templated":true}]}}